{"id":832,"date":"2024-01-04T14:37:37","date_gmt":"2024-01-04T14:37:37","guid":{"rendered":"https:\/\/zoukernatural.com\/?page_id=832"},"modified":"2024-05-03T13:25:40","modified_gmt":"2024-05-03T13:25:40","slug":"soulzouk-module-basic-concepts","status":"publish","type":"page","link":"https:\/\/zoukernatural.de\/index.php\/soulzouk-module-basic-concepts\/","title":{"rendered":"SoulZouk Module: Basic Concepts"},"content":{"rendered":"\n<p><\/p>\n\n\n\n<p><\/p>\n\n\n\n<p>(German below)<\/p>\n\n\n\n<p>SoulZouk Module: Basic Concepts<br>with Holger &amp; Simone<\/p>\n\n\n\n<p>April 28, 2024<br>1 p.m. \u2013 5 p.m.<\/p>\n\n\n\n<p>Join us for a four-hour introductory course to SoulZouk.<\/p>\n\n\n\n<p>As part of our Module series, this module provides an introductory overview over the basic concepts that distinguish SoulZouk from other Zouk styles.<\/p>\n\n\n\n<p>Caution: This is not a beginner class! This course is intended for Zouk dancers with at least one year+ of Zouk experience who are interested in an introduction into SoulZouk.<\/p>\n\n\n\n<p>35\u20ac at pre-registration, 40\u20ac at the door<\/p>\n\n\n\n<p>Registration: soulzouk.bonn@gmail.com<\/p>\n\n\n\n<p>Venue:<br>Freie Waldorfschule Bonn<br>Stettiner Str. 21<\/p>\n\n\n\n<p>If you arrive by car, you can access the parking lot via Stolpstra\u00dfe.<\/p>\n\n\n\n<p>To enter the class, come to Entrance A in the schoolyard. Here is the exact location:&nbsp;<a href=\"https:\/\/l.facebook.com\/l.php?u=https%3A%2F%2Fmaps.app.goo.gl%2FHo7qv2DGUudvjPoF8%3Fg_st%3Dic%26fbclid%3DIwZXh0bgNhZW0CMTAAAR3_midvbFM44ZNaxmj7Ne0DL6agW9dvi96wGzNLsS8PaasXgFuRbLCXWmE_aem_AcQwka44QRxexfi7a464i9_sNwJFjZ-wW_qUkU-Xhf5_c7T4w9UP_J8VHFRP4dw7RxB6b5Plg7120adnThf55h-N&amp;h=AT32TyAt3X-NmYbW7or_zB23_UiS3YgT0DWZUEpBln4rzOHFLCEXq7dAPo00MACZfb7ykJAsBiuA37LDmj1sjJKm2xfFAw2XdYlACmiEQF2w7RoK0JqaS_-ws45GqdvtIedd-EdMb1zTnQzOarLgn_q0qg&amp;__tn__=q&amp;c[0]=AT1q5HkJ11kIg5W_tatFig7Bqfbb0iX0xKdelRdnfMfxilY68wpwjL4sab1w3nlIbfh5-9aoc2NBDF4crkZktyv0X_eZLCoujl2HMEDxRpsyXXK1CyU_pxvNBtRBQGYT_k0\" rel=\"noreferrer noopener\" target=\"_blank\">https:\/\/maps.app.goo.gl\/Ho7qv2DGUudvjPoF8?g_st=ic<\/a><\/p>\n\n\n\n<p>If you have any trouble finding us, or any other questions, contact us at +49 176 29890862<\/p>\n\n\n\n<p>Further info:<\/p>\n\n\n\n<p>The bootcamp will be held in a room where there are no shoes allowed, so please bring socks.<\/p>\n\n\n\n<p>Follow us on instagram @<a href=\"https:\/\/www.instagram.com\/zoukernatural\/\">zoukernatural<\/a> for news &amp; updates<\/p>\n\n\n\n<p><\/p>\n\n\n\n<hr class=\"wp-block-separator has-alpha-channel-opacity\"\/>\n\n\n\n<p><\/p>\n\n\n\n<p>SoulZouk Module: Basic Concepts<br>mit Holger &amp; Simone<\/p>\n\n\n\n<p>28. April 2024<br>13:00 &#8211; 17:00 Uhr.<\/p>\n\n\n\n<p>Kommt mit zu einem vierst\u00fcndigen Einf\u00fchrungskurs in SoulZouk.<\/p>\n\n\n\n<p>Als Teil unserer Modulreihe SoulZouk erhaltet ihr in diesem Modul einen einf\u00fchrenden \u00dcberblick \u00fcber die grundlegenden Konzepte und Techniken, die SoulZouk von anderen Zouk-Stilen unterscheiden.<\/p>\n\n\n\n<p>Achtung: Dies ist ein Aufbaukurs f\u00fcr Zouk-T\u00e4nzer mit mindestens einem Jahr Zouk-Erfahrung, die einen neuen Stil kennenlernen wollen.<\/p>\n\n\n\n<p>Tickets: 35\u20ac bei Voranmeldung, 40\u20ac at the door<\/p>\n\n\n\n<p>Weitere Infos:<\/p>\n\n\n\n<p>&#8211; Zufahrt zum Parkplatz via Stolpstra\u00dfe<br>&#8211; Zugang zum Kurs durch Eingang A auf dem Schulhof. Hier ist der genaue Standort:&nbsp;<a href=\"https:\/\/l.facebook.com\/l.php?u=https%3A%2F%2Fmaps.app.goo.gl%2FHo7qv2DGUudvjPoF8%3Fg_st%3Dic%26fbclid%3DIwZXh0bgNhZW0CMTAAAR3w2fzSWjF8sjCM2KSZhuHVKjRTkguOAOQ93RmnyrAElo61uEeGybYU3Lc_aem_AcQFxgFdrWeIu2eCOUfFj1NNbx9i3GYRHSfDcIc3uYNpA2ND8sPsLDo4XlNXcbvZI5NLwouMaSbC8GeVm1q21YBG&amp;h=AT32TyAt3X-NmYbW7or_zB23_UiS3YgT0DWZUEpBln4rzOHFLCEXq7dAPo00MACZfb7ykJAsBiuA37LDmj1sjJKm2xfFAw2XdYlACmiEQF2w7RoK0JqaS_-ws45GqdvtIedd-EdMb1zTnQzOarLgn_q0qg&amp;__tn__=q&amp;c[0]=AT1q5HkJ11kIg5W_tatFig7Bqfbb0iX0xKdelRdnfMfxilY68wpwjL4sab1w3nlIbfh5-9aoc2NBDF4crkZktyv0X_eZLCoujl2HMEDxRpsyXXK1CyU_pxvNBtRBQGYT_k0\" rel=\"noreferrer noopener\" target=\"_blank\">https:\/\/maps.app.goo.gl\/Ho7qv2DGUudvjPoF8?g_st=ic<\/a><\/p>\n\n\n\n<p>Falls ihr uns nicht auf Anhieb findet, ruft kurz an: 0176 29890862<\/p>\n\n\n\n<p>Bitte Socken mitbringen. Das Bootcamp findet in einem Raum statt, in dem keine Schuhe erlaubt sind.<\/p>\n","protected":false},"excerpt":{"rendered":"<p>(German below) SoulZouk Module: Basic Conceptswith Holger &amp; Simone April 28, 20241 p.m. \u2013 5 p.m. Join us for a four-hour introductory course to SoulZouk. As part of our Module series, this module provides an introductory overview over the basic concepts that distinguish SoulZouk from other Zouk styles. Caution: This is not a beginner class! &hellip; <a href=\"https:\/\/zoukernatural.de\/index.php\/soulzouk-module-basic-concepts\/\" class=\"more-link\">Continue reading <span class=\"screen-reader-text\">SoulZouk Module: Basic Concepts<\/span> <span class=\"meta-nav\">&rarr;<\/span><\/a><\/p>\n","protected":false},"author":1,"featured_media":933,"parent":0,"menu_order":0,"comment_status":"closed","ping_status":"closed","template":"","meta":{"footnotes":""},"class_list":["post-832","page","type-page","status-publish","has-post-thumbnail","hentry"],"_links":{"self":[{"href":"https:\/\/zoukernatural.de\/index.php\/wp-json\/wp\/v2\/pages\/832","targetHints":{"allow":["GET"]}}],"collection":[{"href":"https:\/\/zoukernatural.de\/index.php\/wp-json\/wp\/v2\/pages"}],"about":[{"href":"https:\/\/zoukernatural.de\/index.php\/wp-json\/wp\/v2\/types\/page"}],"author":[{"embeddable":true,"href":"https:\/\/zoukernatural.de\/index.php\/wp-json\/wp\/v2\/users\/1"}],"replies":[{"embeddable":true,"href":"https:\/\/zoukernatural.de\/index.php\/wp-json\/wp\/v2\/comments?post=832"}],"version-history":[{"count":8,"href":"https:\/\/zoukernatural.de\/index.php\/wp-json\/wp\/v2\/pages\/832\/revisions"}],"predecessor-version":[{"id":991,"href":"https:\/\/zoukernatural.de\/index.php\/wp-json\/wp\/v2\/pages\/832\/revisions\/991"}],"wp:featuredmedia":[{"embeddable":true,"href":"https:\/\/zoukernatural.de\/index.php\/wp-json\/wp\/v2\/media\/933"}],"wp:attachment":[{"href":"https:\/\/zoukernatural.de\/index.php\/wp-json\/wp\/v2\/media?parent=832"}],"curies":[{"name":"wp","href":"https:\/\/api.w.org\/{rel}","templated":true}]}}