{"id":881,"date":"2024-01-06T18:11:41","date_gmt":"2024-01-06T18:11:41","guid":{"rendered":"https:\/\/zoukernatural.com\/?page_id=881"},"modified":"2024-09-18T14:09:05","modified_gmt":"2024-09-18T14:09:05","slug":"beginner-class","status":"publish","type":"page","link":"https:\/\/zoukernatural.de\/index.php\/beginner-class\/","title":{"rendered":"Regular Classes"},"content":{"rendered":"\n<p><\/p>\n\n\n\n<p><\/p>\n\n\n\n<p>Laufender Kurs mit Martin<br>jeden Dienstag um 19:30 Uhr in der Freien Waldorfschule Bonn<\/p>\n\n\n\n<p>Wir laden euch zu einem regul\u00e4ren SoulZouk Kurs f\u00fcr Zouk-T\u00e4nzer:innen ein. Lernt die grundlegenden SoulZouk-Techniken und verbessert eure Zouk-Skills. In unserem Kurs nehmen wir uns Zeit die richtige Technik zu lernen und Bewegungsabl\u00e4ufe bewusst zu erfahren, sodass jede Einzelne ihre individuell passende Umsetzung davon findet.<br>Du brauchst grundlegende Zouk-Kenntnisse f\u00fcr den Kurs. Wenn du dir unsicher bist, kontaktiere Martin um einen m\u00f6glichen Weg f\u00fcr den Einstieg zu besprechen.<\/p>\n\n\n\n<p>Dauer: 1 Stunde Unterricht + ~30 Minuten \u00dcbungszeit<\/p>\n\n\n\n<p>Kontakt:<br>mk.soulzouk@gmail.com<\/p>\n\n\n\n<p><\/p>\n\n\n\n<p>Regular class with Martin<br>every Tuesday at 7:30 pm at Freie Waldorfschule Bonn<\/p>\n\n\n\n<p>We invite you to a regular SoulZouk class for Zouk dancers. Learn the basic SoulZouk techniques and improve your Zouk. In our class we take time to learn the right techniques, experience the movements and adapt them to each individual.<br>You need to have basic Zouk skills to join the class. If you are unsure, contact Martin and he will try to find a way suited to your level.<\/p>\n\n\n\n<p>Duration: 1 hour class + ~30 minutes practice time<\/p>\n\n\n\n<p>Contact:<br>mk.soulzouk@gmail.com<\/p>\n\n\n\n<figure class=\"wp-block-image size-large\"><a href=\"https:\/\/zoukernatural.de\/wp-content\/uploads\/2024\/02\/Bildschirm\u00adfoto-2024-02-16-um-12.08.57-1.png\"><img loading=\"lazy\" decoding=\"async\" width=\"1024\" height=\"579\" src=\"https:\/\/zoukernatural.de\/wp-content\/uploads\/2024\/02\/Bildschirm\u00adfoto-2024-02-16-um-12.08.57-1-1024x579.png\" alt=\"\" class=\"wp-image-920\" srcset=\"https:\/\/zoukernatural.de\/wp-content\/uploads\/2024\/02\/Bildschirm\u00adfoto-2024-02-16-um-12.08.57-1-1024x579.png 1024w, https:\/\/zoukernatural.de\/wp-content\/uploads\/2024\/02\/Bildschirm\u00adfoto-2024-02-16-um-12.08.57-1-300x170.png 300w, https:\/\/zoukernatural.de\/wp-content\/uploads\/2024\/02\/Bildschirm\u00adfoto-2024-02-16-um-12.08.57-1-768x434.png 768w, https:\/\/zoukernatural.de\/wp-content\/uploads\/2024\/02\/Bildschirm\u00adfoto-2024-02-16-um-12.08.57-1-1536x868.png 1536w, https:\/\/zoukernatural.de\/wp-content\/uploads\/2024\/02\/Bildschirm\u00adfoto-2024-02-16-um-12.08.57-1-2048x1158.png 2048w\" sizes=\"auto, (max-width: 1024px) 100vw, 1024px\" \/><\/a><\/figure>\n","protected":false},"excerpt":{"rendered":"<p>Laufender Kurs mit Martinjeden Dienstag um 19:30 Uhr in der Freien Waldorfschule Bonn Wir laden euch zu einem regul\u00e4ren SoulZouk Kurs f\u00fcr Zouk-T\u00e4nzer:innen ein. Lernt die grundlegenden SoulZouk-Techniken und verbessert eure Zouk-Skills. In unserem Kurs nehmen wir uns Zeit die richtige Technik zu lernen und Bewegungsabl\u00e4ufe bewusst zu erfahren, sodass jede Einzelne ihre individuell passende &hellip; <a href=\"https:\/\/zoukernatural.de\/index.php\/beginner-class\/\" class=\"more-link\">Continue reading <span class=\"screen-reader-text\">Regular Classes<\/span> <span class=\"meta-nav\">&rarr;<\/span><\/a><\/p>\n","protected":false},"author":1,"featured_media":0,"parent":0,"menu_order":0,"comment_status":"closed","ping_status":"closed","template":"","meta":{"footnotes":""},"class_list":["post-881","page","type-page","status-publish","hentry"],"_links":{"self":[{"href":"https:\/\/zoukernatural.de\/index.php\/wp-json\/wp\/v2\/pages\/881","targetHints":{"allow":["GET"]}}],"collection":[{"href":"https:\/\/zoukernatural.de\/index.php\/wp-json\/wp\/v2\/pages"}],"about":[{"href":"https:\/\/zoukernatural.de\/index.php\/wp-json\/wp\/v2\/types\/page"}],"author":[{"embeddable":true,"href":"https:\/\/zoukernatural.de\/index.php\/wp-json\/wp\/v2\/users\/1"}],"replies":[{"embeddable":true,"href":"https:\/\/zoukernatural.de\/index.php\/wp-json\/wp\/v2\/comments?post=881"}],"version-history":[{"count":6,"href":"https:\/\/zoukernatural.de\/index.php\/wp-json\/wp\/v2\/pages\/881\/revisions"}],"predecessor-version":[{"id":1048,"href":"https:\/\/zoukernatural.de\/index.php\/wp-json\/wp\/v2\/pages\/881\/revisions\/1048"}],"wp:attachment":[{"href":"https:\/\/zoukernatural.de\/index.php\/wp-json\/wp\/v2\/media?parent=881"}],"curies":[{"name":"wp","href":"https:\/\/api.w.org\/{rel}","templated":true}]}}